{"id":143,"date":"2024-10-16T21:41:08","date_gmt":"2024-10-16T21:41:08","guid":{"rendered":"https:\/\/ocureps.com\/?page_id=143"},"modified":"2026-02-19T09:18:36","modified_gmt":"2026-02-19T09:18:36","slug":"portfolio","status":"publish","type":"page","link":"https:\/\/ocureps.com\/en\/portfolio\/","title":{"rendered":"Portfolio"},"content":{"rendered":"\t\t<div data-elementor-type=\"wp-page\" data-elementor-id=\"143\" class=\"elementor elementor-143\" data-elementor-post-type=\"page\">\n\t\t\t\t<div class=\"elementor-element elementor-element-89bd34b e-flex e-con-boxed wcf-starter-animations-none e-con e-parent\" data-id=\"89bd34b\" data-element_type=\"container\" data-e-type=\"container\" data-no-async=\"\">\n\t\t\t\t\t<div class=\"e-con-inner\">\n\t\t\t\t<div class=\"elementor-element elementor-element-513dd1b elementor-widget elementor-widget-icon-box\" data-id=\"513dd1b\" data-element_type=\"widget\" data-e-type=\"widget\" data-widget_type=\"icon-box.default\">\n\t\t\t\t<div class=\"elementor-widget-container\">\n\t\t\t\t\t\t\t<div class=\"elementor-icon-box-wrapper\">\n\n\t\t\t\n\t\t\t\t\t\t<div class=\"elementor-icon-box-content\">\n\n\t\t\t\t\t\t\t\t\t<h3 class=\"elementor-icon-box-title\">\n\t\t\t\t\t\t<span  >\n\t\t\t\t\t\t\tNa\u0161i Radovi i Rezultati\t\t\t\t\t\t<\/span>\n\t\t\t\t\t<\/h3>\n\t\t\t\t\n\t\t\t\t\t\t\t\t\t<p class=\"elementor-icon-box-description\">\n\t\t\t\t\t\tNa\u0161 portfolio web sajtova prikazuje kreativne i funkcionalne projekte koji ja\u010daju va\u0161u digitalnu prisutnost, pobolj\u0161avaju korisni\u010dko iskustvo i poma\u017eu vam da postignete bolje rezultate online.\t\t\t\t\t<\/p>\n\t\t\t\t\n\t\t\t<\/div>\n\t\t\t\n\t\t<\/div>\n\t\t\t\t\t\t<\/div>\n\t\t\t\t<\/div>\n\t\t<div class=\"elementor-element elementor-element-eaf73de e-grid e-con-full wcf-starter-animations-none e-con e-child\" data-id=\"eaf73de\" data-element_type=\"container\" data-e-type=\"container\">\n\t\t<div class=\"elementor-element elementor-element-c903dd3 e-con-full e-transform e-flex wcf-starter-animations-none e-con e-child\" data-id=\"c903dd3\" data-element_type=\"container\" data-e-type=\"container\" data-settings=\"{&quot;_transform_scale_effect_hover&quot;:{&quot;unit&quot;:&quot;px&quot;,&quot;size&quot;:1.1,&quot;sizes&quot;:[]},&quot;_transform_scale_effect_hover_laptop&quot;:{&quot;unit&quot;:&quot;px&quot;,&quot;size&quot;:&quot;&quot;,&quot;sizes&quot;:[]},&quot;_transform_scale_effect_hover_tablet&quot;:{&quot;unit&quot;:&quot;px&quot;,&quot;size&quot;:&quot;&quot;,&quot;sizes&quot;:[]},&quot;_transform_scale_effect_hover_mobile&quot;:{&quot;unit&quot;:&quot;px&quot;,&quot;size&quot;:&quot;&quot;,&quot;sizes&quot;:[]}}\">\n\t\t\t\t<div class=\"elementor-element elementor-element-1f09935 wcf-starter-animations-none elementor-widget elementor-widget-image\" data-id=\"1f09935\" data-element_type=\"widget\" data-e-type=\"widget\" data-settings=\"{&quot;wcf_starter_animations&quot;:&quot;none&quot;,&quot;wcf_anim_duration&quot;:1000,&quot;wcf_anim_delay&quot;:0,&quot;wcf_anim_ease&quot;:&quot;ease&quot;}\" data-widget_type=\"image.default\">\n\t\t\t\t<div class=\"elementor-widget-container\">\n\t\t\t\t\t\t\t\t\t\t\t\t\t\t\t\t<a href=\"http:\/\/frigolandservis.com\" target=\"_blank\" rel=\"noopener noreferrer nofollow\">\n\t\t\t\t\t\t\t<img fetchpriority=\"high\" decoding=\"async\" width=\"800\" height=\"800\" src=\"https:\/\/ocureps.com\/wp-content\/uploads\/2026\/01\/Frigoland_responsive_portfolio_image-1024x1024.webp\" class=\"attachment-large size-large wp-image-2562\" alt=\"Izrada sajta za servis klima ure\u0111aja - Frigoland primer\" srcset=\"https:\/\/ocureps.com\/wp-content\/uploads\/2026\/01\/Frigoland_responsive_portfolio_image-1024x1024.webp 1024w, https:\/\/ocureps.com\/wp-content\/uploads\/2026\/01\/Frigoland_responsive_portfolio_image-300x300.webp 300w, https:\/\/ocureps.com\/wp-content\/uploads\/2026\/01\/Frigoland_responsive_portfolio_image-150x150.webp 150w, https:\/\/ocureps.com\/wp-content\/uploads\/2026\/01\/Frigoland_responsive_portfolio_image-768x768.webp 768w, https:\/\/ocureps.com\/wp-content\/uploads\/2026\/01\/elementor\/thumbs\/Frigoland_responsive_portfolio_image-rhuguvlnn9fyxcjc5iuhsw3f8r4r0lx6umez3awuyo.webp 480w, https:\/\/ocureps.com\/wp-content\/uploads\/2026\/01\/elementor\/thumbs\/Frigoland_responsive_portfolio_image-rhuguvlomch47r2bonjfhr642mi1y0hrk2340famzk.webp 560w, https:\/\/ocureps.com\/wp-content\/uploads\/2026\/01\/Frigoland_responsive_portfolio_image.webp 1080w\" sizes=\"(max-width: 800px) 100vw, 800px\" \/>\t\t\t\t\t\t\t\t<\/a>\n\t\t\t\t\t\t\t\t\t\t\t\t\t\t\t<\/div>\n\t\t\t\t<\/div>\n\t\t\t\t<div class=\"elementor-element elementor-element-1baf765 wcf-starter-animations-none elementor-widget elementor-widget-heading\" data-id=\"1baf765\" data-element_type=\"widget\" data-e-type=\"widget\" data-settings=\"{&quot;wcf_starter_animations&quot;:&quot;none&quot;,&quot;wcf_anim_duration&quot;:1000,&quot;wcf_anim_delay&quot;:0,&quot;wcf_anim_ease&quot;:&quot;ease&quot;}\" data-widget_type=\"heading.default\">\n\t\t\t\t<div class=\"elementor-widget-container\">\n\t\t\t\t\t<h2 class=\"elementor-heading-title elementor-size-default\">FrigoLand - Web Shop za Klima Ure\u0111aje<\/h2>\t\t\t\t<\/div>\n\t\t\t\t<\/div>\n\t\t\t\t<\/div>\n\t\t<div class=\"elementor-element elementor-element-01fd57e e-con-full e-transform e-flex wcf-starter-animations-none e-con e-child\" data-id=\"01fd57e\" data-element_type=\"container\" data-e-type=\"container\" data-settings=\"{&quot;_transform_scale_effect_hover&quot;:{&quot;unit&quot;:&quot;px&quot;,&quot;size&quot;:1.1,&quot;sizes&quot;:[]},&quot;_transform_scale_effect_hover_laptop&quot;:{&quot;unit&quot;:&quot;px&quot;,&quot;size&quot;:&quot;&quot;,&quot;sizes&quot;:[]},&quot;_transform_scale_effect_hover_tablet&quot;:{&quot;unit&quot;:&quot;px&quot;,&quot;size&quot;:&quot;&quot;,&quot;sizes&quot;:[]},&quot;_transform_scale_effect_hover_mobile&quot;:{&quot;unit&quot;:&quot;px&quot;,&quot;size&quot;:&quot;&quot;,&quot;sizes&quot;:[]}}\">\n\t\t\t\t<div class=\"elementor-element elementor-element-0b0180d wcf-starter-animations-none elementor-widget elementor-widget-image\" data-id=\"0b0180d\" data-element_type=\"widget\" data-e-type=\"widget\" data-settings=\"{&quot;wcf_starter_animations&quot;:&quot;none&quot;,&quot;wcf_anim_duration&quot;:1000,&quot;wcf_anim_delay&quot;:0,&quot;wcf_anim_ease&quot;:&quot;ease&quot;}\" data-widget_type=\"image.default\">\n\t\t\t\t<div class=\"elementor-widget-container\">\n\t\t\t\t\t\t\t\t\t\t\t\t\t\t\t\t<a href=\"https:\/\/ocureps.com\/gym\/\" target=\"_blank\">\n\t\t\t\t\t\t\t<img decoding=\"async\" width=\"800\" height=\"800\" src=\"https:\/\/ocureps.com\/wp-content\/uploads\/2026\/01\/Sparta_responsive_portfolio_image.webp\" class=\"attachment-large size-large wp-image-2564\" alt=\"Izrada sajta za Teretanu\" srcset=\"https:\/\/ocureps.com\/wp-content\/uploads\/2026\/01\/Sparta_responsive_portfolio_image.webp 1024w, https:\/\/ocureps.com\/wp-content\/uploads\/2026\/01\/Sparta_responsive_portfolio_image-300x300.webp 300w, https:\/\/ocureps.com\/wp-content\/uploads\/2026\/01\/Sparta_responsive_portfolio_image-150x150.webp 150w, https:\/\/ocureps.com\/wp-content\/uploads\/2026\/01\/Sparta_responsive_portfolio_image-768x768.webp 768w\" sizes=\"(max-width: 800px) 100vw, 800px\" \/>\t\t\t\t\t\t\t\t<\/a>\n\t\t\t\t\t\t\t\t\t\t\t\t\t\t\t<\/div>\n\t\t\t\t<\/div>\n\t\t\t\t<div class=\"elementor-element elementor-element-e159c65 wcf-starter-animations-none elementor-widget elementor-widget-heading\" data-id=\"e159c65\" data-element_type=\"widget\" data-e-type=\"widget\" data-settings=\"{&quot;wcf_starter_animations&quot;:&quot;none&quot;,&quot;wcf_anim_duration&quot;:1000,&quot;wcf_anim_delay&quot;:0,&quot;wcf_anim_ease&quot;:&quot;ease&quot;}\" data-widget_type=\"heading.default\">\n\t\t\t\t<div class=\"elementor-widget-container\">\n\t\t\t\t\t<h2 class=\"elementor-heading-title elementor-size-default\">Sparta Gym - Web Sajt za teretanu<\/h2>\t\t\t\t<\/div>\n\t\t\t\t<\/div>\n\t\t\t\t<\/div>\n\t\t\t\t<\/div>\n\t\t<div class=\"elementor-element elementor-element-dbc4c84 e-con-full elementor-hidden-tablet elementor-hidden-mobile e-flex wcf-starter-animations-none e-con e-child\" data-id=\"dbc4c84\" data-element_type=\"container\" data-e-type=\"container\" data-settings=\"{&quot;position&quot;:&quot;absolute&quot;}\">\n\t\t\t\t<div class=\"elementor-element elementor-element-7369ac0 elementor-widget elementor-widget-html\" data-id=\"7369ac0\" data-element_type=\"widget\" data-e-type=\"widget\" data-widget_type=\"html.default\">\n\t\t\t\t<div class=\"elementor-widget-container\">\n\t\t\t\t\t<script>\r\nfunction Marquee(selector, speed) {\r\n  const parent = document.querySelector(selector);\r\n  const clone = parent.innerHTML;\r\n  let i = 0;\r\n  parent.innerHTML += clone;\r\n\r\n  setInterval(() => {\r\n    i += speed;\r\n    if (i >= parent.children[0].clientWidth) i = 0;\r\n    parent.children[0].style.marginLeft = `-${i}px`;\r\n  }, 0);\r\n}\r\n\r\nwindow.addEventListener('load', () => Marquee('.marquee', .5));\r\n<\/script>\t\t\t\t<\/div>\n\t\t\t\t<\/div>\n\t\t\t\t<div class=\"elementor-element elementor-element-ff5e2ca marquee elementor-widget__width-inherit elementor-hidden-mobile wcf-starter-animations-none elementor-invisible elementor-widget elementor-widget-heading\" data-id=\"ff5e2ca\" data-element_type=\"widget\" data-e-type=\"widget\" data-settings=\"{&quot;_animation&quot;:&quot;fadeInUp&quot;,&quot;wcf_starter_animations&quot;:&quot;none&quot;,&quot;wcf_anim_duration&quot;:1000,&quot;wcf_anim_delay&quot;:0,&quot;wcf_anim_ease&quot;:&quot;ease&quot;}\" data-widget_type=\"heading.default\">\n\t\t\t\t<div class=\"elementor-widget-container\">\n\t\t\t\t\t<h2 class=\"elementor-heading-title elementor-size-default\">Portfolio projekata&nbsp;Portfolio projekata&nbsp;Portfolio projekata&nbsp;<\/h2>\t\t\t\t<\/div>\n\t\t\t\t<\/div>\n\t\t\t\t<\/div>\n\t\t\t\t\t<\/div>\n\t\t\t\t<\/div>\n\t\t<div class=\"elementor-element elementor-element-416708e e-flex e-con-boxed wcf-starter-animations-none e-con e-parent\" data-id=\"416708e\" data-element_type=\"container\" data-e-type=\"container\" data-settings=\"{&quot;background_background&quot;:&quot;classic&quot;,&quot;shape_divider_top&quot;:&quot;tilt&quot;,&quot;shape_divider_bottom&quot;:&quot;tilt&quot;}\">\n\t\t\t\t\t<div class=\"e-con-inner\">\n\t\t\t\t<div class=\"elementor-shape elementor-shape-top\" aria-hidden=\"true\" data-negative=\"false\">\n\t\t\t<svg xmlns=\"http:\/\/www.w3.org\/2000\/svg\" viewBox=\"0 0 1000 100\" preserveAspectRatio=\"none\">\n\t<path class=\"elementor-shape-fill\" d=\"M0,6V0h1000v100L0,6z\"\/>\n<\/svg>\t\t<\/div>\n\t\t\t\t<div class=\"elementor-shape elementor-shape-bottom\" aria-hidden=\"true\" data-negative=\"false\">\n\t\t\t<svg xmlns=\"http:\/\/www.w3.org\/2000\/svg\" viewBox=\"0 0 1000 100\" preserveAspectRatio=\"none\">\n\t<path class=\"elementor-shape-fill\" d=\"M0,6V0h1000v100L0,6z\"\/>\n<\/svg>\t\t<\/div>\n\t\t\t\t<div class=\"elementor-element elementor-element-9e4e28c wcf-starter-animations-none elementor-widget elementor-widget-heading\" data-id=\"9e4e28c\" data-element_type=\"widget\" data-e-type=\"widget\" data-settings=\"{&quot;wcf_starter_animations&quot;:&quot;none&quot;,&quot;wcf_anim_duration&quot;:1000,&quot;wcf_anim_delay&quot;:0,&quot;wcf_anim_ease&quot;:&quot;ease&quot;}\" data-widget_type=\"heading.default\">\n\t\t\t\t<div class=\"elementor-widget-container\">\n\t\t\t\t\t<h2 class=\"elementor-heading-title elementor-size-default\">Zapo\u010dnimo saradnju<\/h2>\t\t\t\t<\/div>\n\t\t\t\t<\/div>\n\t\t<div class=\"elementor-element elementor-element-a7ed92f e-con-full e-flex wcf-starter-animations-none e-con e-child\" data-id=\"a7ed92f\" data-element_type=\"container\" data-e-type=\"container\" data-settings=\"{&quot;motion_fx_motion_fx_mouse&quot;:&quot;yes&quot;,&quot;motion_fx_mouseTrack_effect&quot;:&quot;yes&quot;,&quot;motion_fx_mouseTrack_direction&quot;:&quot;negative&quot;,&quot;motion_fx_mouseTrack_speed&quot;:{&quot;unit&quot;:&quot;px&quot;,&quot;size&quot;:1,&quot;sizes&quot;:[]}}\">\n\t\t\t\t<div class=\"elementor-element elementor-element-cc7b0cb elementor-widget__width-initial elementor-widget elementor-widget-html\" data-id=\"cc7b0cb\" data-element_type=\"widget\" data-e-type=\"widget\" data-settings=\"{&quot;motion_fx_motion_fx_mouse&quot;:&quot;yes&quot;}\" data-widget_type=\"html.default\">\n\t\t\t\t<div class=\"elementor-widget-container\">\n\t\t\t\t\t<style>\n    .btn > a{\n        color: white;\n        font-family: \"Poppins\"\n        font-size: 24px;\n        font-weight: 700;\n        text-decoration: none!important;\n        \n        width: 250px;\n        height: 250px;\n        border-radius: 200px;\n        border: 2px solid white;\n        \n        display: flex;\n        justify-content: center;\n        align-items: center;\n        \n    }\n    \n    @media screen and (max-width: 767px){\n            .btn > a{\n                width: 150px;\n                height: 150px;\n                margin: auto;\n            }\n        }\n        \n         @media screen and (max-width: 1024px){\n            .btn > a{\n                width: 175px;\n                height: 175px;\n                margin: auto;\n            }\n        }\n    \n    .btn > a:hover{\n        color: white;\n    }\n<\/style>\n\n<div class=\"btn\">\n    <a href=\"https:\/\/ocureps.com\/contact-us\/\">Zaka\u017eite Besplatnu Procenu<\/a>\n<\/div>\n\n\t\t\t\t<\/div>\n\t\t\t\t<\/div>\n\t\t\t\t<\/div>\n\t\t\t\t\t<\/div>\n\t\t\t\t<\/div>\n\t\t\t\t<\/div>\n\t\t","protected":false},"excerpt":{"rendered":"<p>Na\u0161i Radovi i Rezultati Na\u0161 portfolio web sajtova prikazuje kreativne i funkcionalne projekte koji ja\u010daju va\u0161u digitalnu prisutnost, pobolj\u0161avaju korisni\u010dko iskustvo i poma\u017eu vam da postignete bolje rezultate online. FrigoLand &#8211; Web Shop za Klima Ure\u0111aje Sparta Gym &#8211; Web Sajt za teretanu Portfolio projekata&nbsp;Portfolio projekata&nbsp;Portfolio projekata&nbsp; Zapo\u010dnimo saradnju Zaka\u017eite Besplatnu Procenu<\/p>","protected":false},"author":1,"featured_media":0,"parent":0,"menu_order":0,"comment_status":"closed","ping_status":"closed","template":"","meta":{"_acf_changed":false,"footnotes":""},"class_list":["post-143","page","type-page","status-publish","hentry"],"acf":[],"_links":{"self":[{"href":"https:\/\/ocureps.com\/en\/wp-json\/wp\/v2\/pages\/143","targetHints":{"allow":["GET"]}}],"collection":[{"href":"https:\/\/ocureps.com\/en\/wp-json\/wp\/v2\/pages"}],"about":[{"href":"https:\/\/ocureps.com\/en\/wp-json\/wp\/v2\/types\/page"}],"author":[{"embeddable":true,"href":"https:\/\/ocureps.com\/en\/wp-json\/wp\/v2\/users\/1"}],"replies":[{"embeddable":true,"href":"https:\/\/ocureps.com\/en\/wp-json\/wp\/v2\/comments?post=143"}],"version-history":[{"count":11,"href":"https:\/\/ocureps.com\/en\/wp-json\/wp\/v2\/pages\/143\/revisions"}],"predecessor-version":[{"id":3984,"href":"https:\/\/ocureps.com\/en\/wp-json\/wp\/v2\/pages\/143\/revisions\/3984"}],"wp:attachment":[{"href":"https:\/\/ocureps.com\/en\/wp-json\/wp\/v2\/media?parent=143"}],"curies":[{"name":"wp","href":"https:\/\/api.w.org\/{rel}","templated":true}]}}